{"id":886,"date":"2020-10-06T22:53:01","date_gmt":"2020-10-06T20:53:01","guid":{"rendered":"https:\/\/tradingrentable.com\/?page_id=886"},"modified":"2025-06-20T17:56:11","modified_gmt":"2025-06-20T15:56:11","slug":"contact","status":"publish","type":"page","link":"https:\/\/tradingrentable.com\/index.php\/contact\/","title":{"rendered":"Contact"},"content":{"rendered":"<h3 style=\"text-align: center;\"><strong>Contact \ud83d\udc6b<\/strong><\/h3>\n<p style=\"text-align: center;\">Je suis disponible pour r\u00e9pondre \u00e0 vos questions, n&rsquo;h\u00e9sitez pas \u00e0 me faire part de vos probl\u00e8mes en m&rsquo;envoyant un message sur mon adresse email : paul@tradingrentable.com ou alors sur mon Instagram : _tradingrentable<\/p>\n<p style=\"text-align: center;\">\u00c0 bient\u00f4t et prenez soin de vous !\ud83d\udc9b<\/p>\n<p><a href=\"https:\/\/tradingrentable.com\" data-id-d=\"5\" data-dynamic-link=\"thrive_global_shortcode_url\" data-shortcode-id=\"0\" data-img-style=\"width: 100%;\"><img loading=\"lazy\" decoding=\"async\" src=\"https:\/\/tradingrentable.com\/wp-content\/uploads\/2022\/02\/tradingrentable2-1.png\" height=\"6200\" width=\"10961\" alt=\"\" style=\"width: 100%;\"><\/img><\/a><\/p>\n","protected":false},"excerpt":{"rendered":"<p>Contact \ud83d\udc6b Je suis disponible pour r\u00e9pondre \u00e0 vos questions, n&rsquo;h\u00e9sitez pas \u00e0 me faire part de vos probl\u00e8mes en m&rsquo;envoyant un message sur mon adresse email : paul@tradingrentable.com ou alors sur mon Instagram : _tradingrentable \u00c0 bient\u00f4t et prenez soin de vous !\ud83d\udc9b<\/p>\n","protected":false},"author":1,"featured_media":0,"parent":0,"menu_order":0,"comment_status":"closed","ping_status":"closed","template":"","meta":{"footnotes":""},"class_list":["post-886","page","type-page","status-publish","hentry","post-wrapper","thrv_wrapper"],"_links":{"self":[{"href":"https:\/\/tradingrentable.com\/index.php\/wp-json\/wp\/v2\/pages\/886","targetHints":{"allow":["GET"]}}],"collection":[{"href":"https:\/\/tradingrentable.com\/index.php\/wp-json\/wp\/v2\/pages"}],"about":[{"href":"https:\/\/tradingrentable.com\/index.php\/wp-json\/wp\/v2\/types\/page"}],"author":[{"embeddable":true,"href":"https:\/\/tradingrentable.com\/index.php\/wp-json\/wp\/v2\/users\/1"}],"replies":[{"embeddable":true,"href":"https:\/\/tradingrentable.com\/index.php\/wp-json\/wp\/v2\/comments?post=886"}],"version-history":[{"count":30,"href":"https:\/\/tradingrentable.com\/index.php\/wp-json\/wp\/v2\/pages\/886\/revisions"}],"predecessor-version":[{"id":3096,"href":"https:\/\/tradingrentable.com\/index.php\/wp-json\/wp\/v2\/pages\/886\/revisions\/3096"}],"wp:attachment":[{"href":"https:\/\/tradingrentable.com\/index.php\/wp-json\/wp\/v2\/media?parent=886"}],"curies":[{"name":"wp","href":"https:\/\/api.w.org\/{rel}","templated":true}]}}