{"id":308,"date":"2020-06-12T12:00:58","date_gmt":"2020-06-12T10:00:58","guid":{"rendered":"https:\/\/tradingrentable.com\/?page_id=308"},"modified":"2025-06-20T16:48:43","modified_gmt":"2025-06-20T14:48:43","slug":"le-site-arrive-bientot-2","status":"publish","type":"page","link":"https:\/\/tradingrentable.com\/","title":{"rendered":"Page d\u2019accueil du blog Trading Rentable"},"content":{"rendered":"<h3 style=\"text-align: center;\"><strong>Voici d\u00e9j\u00e0 3 bonus offerts :<\/strong><\/h3>\n<h4 style=\"\">Tableau de bord Trading sur Notion<\/h4>\n<p>T\u00e9l\u00e9chargez gratuitement mon organisateur Notion comprenant <strong>journal de trading, daily repord card, gestion de risque, journal psychologie<\/strong> afin de structure votre activit\u00e9 <strong>comme un pro.<\/strong><\/p>\n<h4 style=\"\">10 guides PDF<\/h4>\n<p style=\"\">10 PDF \u00e0 t\u00e9l\u00e9charger <strong>pour passer de d\u00e9butant \u00e0 initi\u00e9.<\/strong><\/p>\n<h4 style=\"\">Mon livre \u00ab\u00a0Le r\u00e9cit d&rsquo;un \u00e9tudiant qui souhaite r\u00e9ussir \u00e0 tout prix\u00a0\u00bb<\/h4>\n<p style=\"\">Ce livre va vous permettre <strong>d&rsquo;en<\/strong><strong> apprendre un peu plus sur moi et ma personnalit\u00e9.<\/strong><\/p>\n<p style=\"text-align: center;\"><strong>Mettez votre email ici :<\/strong><\/p>\n<p style=\"text-align: center;\">Le tout, \u00e0 t\u00e9l\u00e9charger tout de suite, gratuitement. Il suffit de mettre votre email ici pour recevoir les 3 bonus dans 2 minutes.<\/p>\n<h2 style=\"text-align: center;\">Pourquoi t\u00e9l\u00e9charger cette formation gratuite sur le trading ?<\/h2>\n<p style=\"text-align: center;\"><span><span><span>Vous allez pouvoir <strong>structurer votre activit\u00e9 comme un pro<\/strong> avec mon<strong> <b>\u00c9<\/b>cosyst\u00e8me Notion<\/strong> et <strong>apprendre<\/strong> <strong>toutes les bases n\u00e9cessaire pour bien d\u00e9marrer en trading !<\/strong><\/span><\/span><\/span><\/p>\n<p style=\"text-align: center; color: var(--tcb-color-1) !important; --tcb-applied-color: var$(--tcb-color-1) !important;\"><strong><span>Le r\u00e9sultat :<\/span><\/strong><\/p>\n<p style=\"text-align: center; color: var(--tcb-color-1) !important; --tcb-applied-color: var$(--tcb-color-1) !important;\">\n<p style=\"text-align: center; color: var(--tcb-color-1) !important; --tcb-applied-color: var$(--tcb-color-1) !important;\"><span>Vous allez progresser en trading en <strong>\u00e9vitant les erreurs de d\u00e9butant pouvant d\u00e9grader votre capital<\/strong>. Vous allez <strong>pouvoir commencer sereinement et simplement cette activit\u00e9 !&nbsp;<\/strong><\/span><\/p>\n<h2 style=\"\">Ce que vous dites de moi :<\/h2>\n<p><span style=\"\"><img decoding=\"async\" alt=\"\" data-id=\"2843\" width=\"1080\" data-init-width=\"1240\" height=\"320\" data-init-height=\"367\" title=\"Capture d\u2019\u00e9cran 2024-12-13 154650\" loading=\"lazy\" src=\"https:\/\/tradingrentable.com\/wp-content\/uploads\/2024\/12\/Capture-decran-2024-12-13-154650.png\" data-width=\"1080\" style=\"aspect-ratio: auto 1240 \/ 367;\" data-height=\"320\" ml-d=\"-16.172000000000025\" mt-d=\"0\"><\/span><\/p>\n<p style=\"text-align: center; color: rgb(38, 132, 220) !important; --tcb-applied-color: rgb(38, 132, 220) !important;\"><strong>Pourquoi Trading Rentable est diff\u00e9rent ?<\/strong><\/p>\n<ul>\n<li><span style=\"\"><span><span><span>Je vais vous aider \u00e0&nbsp;<\/span><strong><span>cr\u00e9er votre propre syst\u00e8me de trading rentable.<\/span><\/strong><\/span><\/span><\/span><\/li>\n<li><span style=\"\">Je vais vous <strong>apporter des connaissances utiles et pratiques<\/strong> sans extrapoler avec une grosse voiture.<\/span><\/li>\n<li><span style=\"\">Je vais faire mon possible pour vous <strong>apporter du contenu honn\u00eate et de qualit\u00e9<\/strong>. Le tout, <strong>pour vous motiver \u00e0 passer \u00e0 l&rsquo;action.<\/strong><\/span><\/li>\n<\/ul>\n<p style=\"text-align: center;\"><strong><span>Le 16 septembre 2018, un dimanche soir \u00e0 18 h 55, durant un trajet en bus pour me rendre \u00e0 mon appartement \u00e9tudiant, j&rsquo;ai d\u00e9cid\u00e9 de reprendre ma vie en main ! Notamment en voulant d\u00e9velopper des revenus compl\u00e9mentaires gr\u00e2ce au trading et \u00e0 la bourse ! \ud83d\udcc8<\/span><\/strong><\/p>\n<p style=\"text-align: center;\">\n<p style=\"text-align: center;\"><span><span>Je ne suis pas encore arriv\u00e9 \u00e0 cet objectif, <strong>mais je m&rsquo;y rapproche. Doucement mais surement. <\/strong><strong>En bossant.<\/strong><\/span><\/span><\/p>\n<h2 style=\"\">Retrouvez une communaut\u00e9 de 1373 personnes !<\/h2>\n<p><span><img decoding=\"async\" alt=\"\" data-id=\"2872\" width=\"238\" data-init-width=\"264\" height=\"401\" data-init-height=\"446\" title=\"Capture d\u2019\u00e9cran 2025-02-19 131846\" loading=\"lazy\" src=\"https:\/\/tradingrentable.com\/wp-content\/uploads\/2025\/02\/Capture-decran-2025-02-19-131846.png\" data-width=\"238\" data-height=\"401\" style=\"aspect-ratio: auto 264 \/ 446;\"><\/span><\/p>\n<h3 style=\"text-align: center;\"><strong>Avertissement :<\/strong><\/h3>\n<p style=\"text-align: center;\"><strong>Investir sur les march\u00e9s financiers comporte des risques, incluant la perte totale du capital. Ce contenu n\u2019est ni un conseil en investissement, ni une formation, ni une recommandation d\u2019achat ou de vente. Chacun doit d\u00e9finir ses propres r\u00e8gles de gestion et reste seul responsable de ses d\u00e9cisions. Les performances pass\u00e9es ne garantissent pas les r\u00e9sultats futurs. Il est conseill\u00e9 de consulter un professionnel avant tout investissement.<\/strong><\/p>\n","protected":false},"excerpt":{"rendered":"<p>Voici d\u00e9j\u00e0 3 bonus offerts : Tableau de bord Trading sur Notion T\u00e9l\u00e9chargez gratuitement mon organisateur Notion comprenant journal de trading, daily repord card, gestion de risque, journal psychologie afin de structure votre activit\u00e9 comme un pro. 10 guides PDF 10 PDF \u00e0 t\u00e9l\u00e9charger pour passer de d\u00e9butant \u00e0 initi\u00e9. Mon livre \u00ab\u00a0Le r\u00e9cit d&rsquo;un [&hellip;]<\/p>\n","protected":false},"author":1,"featured_media":0,"parent":0,"menu_order":0,"comment_status":"closed","ping_status":"closed","template":"","meta":{"footnotes":""},"class_list":["post-308","page","type-page","status-publish","hentry","post-wrapper","thrv_wrapper"],"_links":{"self":[{"href":"https:\/\/tradingrentable.com\/index.php\/wp-json\/wp\/v2\/pages\/308","targetHints":{"allow":["GET"]}}],"collection":[{"href":"https:\/\/tradingrentable.com\/index.php\/wp-json\/wp\/v2\/pages"}],"about":[{"href":"https:\/\/tradingrentable.com\/index.php\/wp-json\/wp\/v2\/types\/page"}],"author":[{"embeddable":true,"href":"https:\/\/tradingrentable.com\/index.php\/wp-json\/wp\/v2\/users\/1"}],"replies":[{"embeddable":true,"href":"https:\/\/tradingrentable.com\/index.php\/wp-json\/wp\/v2\/comments?post=308"}],"version-history":[{"count":671,"href":"https:\/\/tradingrentable.com\/index.php\/wp-json\/wp\/v2\/pages\/308\/revisions"}],"predecessor-version":[{"id":3092,"href":"https:\/\/tradingrentable.com\/index.php\/wp-json\/wp\/v2\/pages\/308\/revisions\/3092"}],"wp:attachment":[{"href":"https:\/\/tradingrentable.com\/index.php\/wp-json\/wp\/v2\/media?parent=308"}],"curies":[{"name":"wp","href":"https:\/\/api.w.org\/{rel}","templated":true}]}}